{"id":43,"date":"2026-03-28T16:23:49","date_gmt":"2026-03-28T15:23:49","guid":{"rendered":"https:\/\/www.markusrosenbaum.com\/?page_id=43"},"modified":"2026-04-10T11:06:32","modified_gmt":"2026-04-10T10:06:32","slug":"dj-sets","status":"publish","type":"page","link":"https:\/\/www.markusrosenbaum.com\/en\/leistungen\/dj-sets\/","title":{"rendered":"DJ Sets"},"content":{"rendered":"<div data-elementor-type=\"wp-page\" data-elementor-id=\"43\" class=\"elementor elementor-43\">\n\t\t\t\t<div class=\"elementor-element elementor-element-ced11c8 viewframe e-flex e-con-boxed e-con e-parent\" data-id=\"ced11c8\" data-element_type=\"container\" data-e-type=\"container\" data-settings=\"{&quot;background_background&quot;:&quot;classic&quot;}\">\n\t\t\t\t\t<div class=\"e-con-inner\">\n\t\t<div class=\"elementor-element elementor-element-3fdc8b6 e-con-full e-flex e-con e-child\" data-id=\"3fdc8b6\" data-element_type=\"container\" data-e-type=\"container\">\n\t\t\t\t<div class=\"elementor-element elementor-element-378ccb8 fake-h2 elementor-widget elementor-widget-heading\" data-id=\"378ccb8\" data-element_type=\"widget\" data-e-type=\"widget\" data-widget_type=\"heading.default\">\n\t\t\t\t<div class=\"elementor-widget-container\">\n\t\t\t\t\t<div class=\"elementor-heading-title elementor-size-default\">DJ sets for every event \u2013 flexible, captivating, unforgettable.<\/div>\t\t\t\t<\/div>\n\t\t\t\t<\/div>\n\t\t\t\t<div class=\"elementor-element elementor-element-a1151ff subhead elementor-widget elementor-widget-text-editor\" data-id=\"a1151ff\" data-element_type=\"widget\" data-e-type=\"widget\" data-widget_type=\"text-editor.default\">\n\t\t\t\t<div class=\"elementor-widget-container\">\n\t\t\t\t\t\t\t\t\t<p>From 90 minutes to 12 hours. Always the right sounds.<\/p>\t\t\t\t\t\t\t\t<\/div>\n\t\t\t\t<\/div>\n\t\t\t\t<div class=\"elementor-element elementor-element-c95222c elementor-widget elementor-widget-spacer\" data-id=\"c95222c\" data-element_type=\"widget\" data-e-type=\"widget\" data-widget_type=\"spacer.default\">\n\t\t\t\t<div class=\"elementor-widget-container\">\n\t\t\t\t\t\t\t<div class=\"elementor-spacer\">\n\t\t\t<div class=\"elementor-spacer-inner\"><\/div>\n\t\t<\/div>\n\t\t\t\t\t\t<\/div>\n\t\t\t\t<\/div>\n\t\t\t\t<\/div>\n\t\t<div class=\"elementor-element elementor-element-d2adb9c e-con-full e-flex e-con e-child\" data-id=\"d2adb9c\" data-element_type=\"container\" data-e-type=\"container\">\n\t\t\t\t<\/div>\n\t\t\t\t\t<\/div>\n\t\t\t\t<\/div>\n\t\t<div class=\"elementor-element elementor-element-175eb9f e-flex e-con-boxed e-con e-parent\" data-id=\"175eb9f\" data-element_type=\"container\" data-e-type=\"container\" data-settings=\"{&quot;background_background&quot;:&quot;gradient&quot;}\">\n\t\t\t\t\t<div class=\"e-con-inner\">\n\t\t<div class=\"elementor-element elementor-element-bb737a2 e-con-full e-flex e-con e-child\" data-id=\"bb737a2\" data-element_type=\"container\" data-e-type=\"container\">\n\t\t\t\t<div class=\"elementor-element elementor-element-73430da elementor-widget elementor-widget-heading\" data-id=\"73430da\" data-element_type=\"widget\" data-e-type=\"widget\" data-widget_type=\"heading.default\">\n\t\t\t\t<div class=\"elementor-widget-container\">\n\t\t\t\t\t<h1 class=\"elementor-heading-title elementor-size-default\">Event DJ Dusseldorf and Cologne DJ set: The right length and sounds for every event <\/h1>\t\t\t\t<\/div>\n\t\t\t\t<\/div>\n\t\t\t\t<div class=\"elementor-element elementor-element-c08821f standard elementor-widget elementor-widget-heading\" data-id=\"c08821f\" data-element_type=\"widget\" data-e-type=\"widget\" data-widget_type=\"heading.default\">\n\t\t\t\t<div class=\"elementor-widget-container\">\n\t\t\t\t\t<h2 class=\"elementor-heading-title elementor-size-default\">Gripping DJ sets that thrill <\/h2>\t\t\t\t<\/div>\n\t\t\t\t<\/div>\n\t\t\t\t<\/div>\n\t\t<div class=\"elementor-element elementor-element-6c1ee6c e-con-full e-flex e-con e-child\" data-id=\"6c1ee6c\" data-element_type=\"container\" data-e-type=\"container\">\n\t\t\t\t<div class=\"elementor-element elementor-element-635e360 subhead elementor-widget elementor-widget-text-editor\" data-id=\"635e360\" data-element_type=\"widget\" data-e-type=\"widget\" data-widget_type=\"text-editor.default\">\n\t\t\t\t<div class=\"elementor-widget-container\">\n\t\t\t\t\t\t\t\t\t<p>How long is a typical DJ set? My DJ sets can vary hugely in length. From a 90-minute firework display, packed with hits and quick transitions, to a 12-hour DJ marathon set, I\u2019ve successfully completed every possible length of gig.<\/p>\t\t\t\t\t\t\t\t<\/div>\n\t\t\t\t<\/div>\n\t\t\t\t<\/div>\n\t\t<div class=\"elementor-element elementor-element-9a8e4b9 e-con-full e-flex e-con e-child\" data-id=\"9a8e4b9\" data-element_type=\"container\" data-e-type=\"container\">\n\t\t\t\t<div class=\"elementor-element elementor-element-91c8bbb elementor-widget elementor-widget-spacer\" data-id=\"91c8bbb\" data-element_type=\"widget\" data-e-type=\"widget\" data-widget_type=\"spacer.default\">\n\t\t\t\t<div class=\"elementor-widget-container\">\n\t\t\t\t\t\t\t<div class=\"elementor-spacer\">\n\t\t\t<div class=\"elementor-spacer-inner\"><\/div>\n\t\t<\/div>\n\t\t\t\t\t\t<\/div>\n\t\t\t\t<\/div>\n\t\t\t\t<\/div>\n\t\t\t\t\t<\/div>\n\t\t\t\t<\/div>\n\t\t<div class=\"elementor-element elementor-element-a0bd479 e-flex e-con-boxed e-con e-parent\" data-id=\"a0bd479\" data-element_type=\"container\" data-e-type=\"container\" data-settings=\"{&quot;background_background&quot;:&quot;gradient&quot;}\">\n\t\t\t\t\t<div class=\"e-con-inner\">\n\t\t<div class=\"elementor-element elementor-element-9279811 e-con-full e-flex e-con e-child\" data-id=\"9279811\" data-element_type=\"container\" data-e-type=\"container\">\n\t\t\t\t<div class=\"elementor-element elementor-element-7cf68f2 elementor-widget elementor-widget-image\" data-id=\"7cf68f2\" data-element_type=\"widget\" data-e-type=\"widget\" data-widget_type=\"image.default\">\n\t\t\t\t<div class=\"elementor-widget-container\">\n\t\t\t\t\t\t\t\t\t\t\t\t\t\t\t<img fetchpriority=\"high\" decoding=\"async\" width=\"1200\" height=\"1200\" src=\"https:\/\/www.markusrosenbaum.com\/wp-content\/uploads\/2026\/03\/event-dj-mischpult-square-1200x1200.jpg\" class=\"attachment-large size-large wp-image-6898\" alt=\"illuminated controls on a DJ controller\" srcset=\"https:\/\/www.markusrosenbaum.com\/wp-content\/uploads\/2026\/03\/event-dj-mischpult-square-1200x1200.jpg 1200w, https:\/\/www.markusrosenbaum.com\/wp-content\/uploads\/2026\/03\/event-dj-mischpult-square-300x300.jpg 300w, https:\/\/www.markusrosenbaum.com\/wp-content\/uploads\/2026\/03\/event-dj-mischpult-square-150x150.jpg 150w, https:\/\/www.markusrosenbaum.com\/wp-content\/uploads\/2026\/03\/event-dj-mischpult-square-768x768.jpg 768w, https:\/\/www.markusrosenbaum.com\/wp-content\/uploads\/2026\/03\/event-dj-mischpult-square.jpg 1400w\" sizes=\"(max-width: 1200px) 100vw, 1200px\" \/>\t\t\t\t\t\t\t\t\t\t\t\t\t\t\t<\/div>\n\t\t\t\t<\/div>\n\t\t\t\t<\/div>\n\t\t<div class=\"elementor-element elementor-element-d6aa223 e-con-full e-flex e-con e-child\" data-id=\"d6aa223\" data-element_type=\"container\" data-e-type=\"container\">\n\t\t\t\t<div class=\"elementor-element elementor-element-c6e5eac subhead elementor-widget elementor-widget-text-editor\" data-id=\"c6e5eac\" data-element_type=\"widget\" data-e-type=\"widget\" data-widget_type=\"text-editor.default\">\n\t\t\t\t<div class=\"elementor-widget-container\">\n\t\t\t\t\t\t\t\t\t<p>Depending on the occasion and type of event, I will always accompany your event with absolutely fitting sounds that will delight your guests.\u00a0<\/p>\t\t\t\t\t\t\t\t<\/div>\n\t\t\t\t<\/div>\n\t\t\t\t<div class=\"elementor-element elementor-element-8f93a31 elementor-widget elementor-widget-text-editor\" data-id=\"8f93a31\" data-element_type=\"widget\" data-e-type=\"widget\" data-widget_type=\"text-editor.default\">\n\t\t\t\t<div class=\"elementor-widget-container\">\n\t\t\t\t\t\t\t\t\t<p><span style=\"background-color: transparent;\">What sounds are these? On the <\/span><a style=\"background-color: transparent;\" href=\"https:\/\/www.markusrosenbaum.com\/en\/music-styles\/\">\"music styles\"<\/a><span style=\"background-color: transparent;\"> I will inform you in more detail about what I stand for. And under <\/span><a style=\"background-color: transparent;\" href=\"https:\/\/www.markusrosenbaum.com\/en\/working-methods\/\">\"Working methods\"<\/a><span style=\"background-color: transparent;\"> you'll learn more about how I bring my many years of experience as an event DJ, my expertise, and my feel for the flow of an evening into every event. Also the right <\/span><a style=\"background-color: transparent;\" href=\"https:\/\/www.markusrosenbaum.com\/en\/services\/pro-equipment\/\">lighting and sound technology<\/a><span style=\"background-color: transparent;\"> Your event will be catered for by myself or professional partners as needed.<\/span><\/p>\t\t\t\t\t\t\t\t<\/div>\n\t\t\t\t<\/div>\n\t\t\t\t<\/div>\n\t\t\t\t\t<\/div>\n\t\t\t\t<\/div>\n\t\t<div class=\"elementor-element elementor-element-2018490 e-flex e-con-boxed e-con e-parent\" data-id=\"2018490\" data-element_type=\"container\" data-e-type=\"container\" data-settings=\"{&quot;background_background&quot;:&quot;gradient&quot;}\">\n\t\t\t\t\t<div class=\"e-con-inner\">\n\t\t<div class=\"elementor-element elementor-element-ea523e0 e-con-full e-flex e-con e-child\" data-id=\"ea523e0\" data-element_type=\"container\" data-e-type=\"container\">\n\t\t\t\t<div class=\"elementor-element elementor-element-c6e2e4e elementor-widget elementor-widget-heading\" data-id=\"c6e2e4e\" data-element_type=\"widget\" data-e-type=\"widget\" data-widget_type=\"heading.default\">\n\t\t\t\t<div class=\"elementor-widget-container\">\n\t\t\t\t\t<h3 class=\"elementor-heading-title elementor-size-default\">The following mini-mixes give a first impression of my DJ sets at various events:<\/h3>\t\t\t\t<\/div>\n\t\t\t\t<\/div>\n\t\t\t\t<div class=\"elementor-element elementor-element-b840ce9 intro elementor-widget elementor-widget-text-editor\" data-id=\"b840ce9\" data-element_type=\"widget\" data-e-type=\"widget\" data-widget_type=\"text-editor.default\">\n\t\t\t\t<div class=\"elementor-widget-container\">\n\t\t\t\t\t\t\t\t\t<p>Does that sound good to you?<\/p>\t\t\t\t\t\t\t\t<\/div>\n\t\t\t\t<\/div>\n\t\t\t\t<div class=\"elementor-element elementor-element-85ce692 elementor-widget elementor-widget-button\" data-id=\"85ce692\" data-element_type=\"widget\" data-e-type=\"widget\" data-widget_type=\"button.default\">\n\t\t\t\t<div class=\"elementor-widget-container\">\n\t\t\t\t\t\t\t\t\t<div class=\"elementor-button-wrapper\">\n\t\t\t\t\t<a class=\"elementor-button elementor-button-link elementor-size-sm\" href=\"#kontakt\">\n\t\t\t\t\t\t<span class=\"elementor-button-content-wrapper\">\n\t\t\t\t\t\t\t\t\t<span class=\"elementor-button-text\">Check availability<\/span>\n\t\t\t\t\t<\/span>\n\t\t\t\t\t<\/a>\n\t\t\t\t<\/div>\n\t\t\t\t\t\t\t\t<\/div>\n\t\t\t\t<\/div>\n\t\t\t\t<\/div>\n\t\t<div class=\"elementor-element elementor-element-8a9fbee e-con-full e-flex e-con e-child\" data-id=\"8a9fbee\" data-element_type=\"container\" data-e-type=\"container\">\n\t\t\t\t<div class=\"elementor-element elementor-element-c8914ae elementor-widget elementor-widget-html\" data-id=\"c8914ae\" data-element_type=\"widget\" data-e-type=\"widget\" data-widget_type=\"html.default\">\n\t\t\t\t<div class=\"elementor-widget-container\">\n\t\t\t\t\t<iframe width=\"100%\" height=\"60\" src=\"https:\/\/player-widget.mixcloud.com\/widget\/iframe\/?hide_cover=1&mini=1&light=1&feed=%2Fdjrose%2Fb2b-mix-no-1-swing%2F\" frameborder=\"0\" ><\/iframe>\t\t\t\t<\/div>\n\t\t\t\t<\/div>\n\t\t\t\t<div class=\"elementor-element elementor-element-13664b9 elementor-widget elementor-widget-html\" data-id=\"13664b9\" data-element_type=\"widget\" data-e-type=\"widget\" data-widget_type=\"html.default\">\n\t\t\t\t<div class=\"elementor-widget-container\">\n\t\t\t\t\t<iframe width=\"100%\" height=\"60\" src=\"https:\/\/player-widget.mixcloud.com\/widget\/iframe\/?hide_cover=1&mini=1&light=1&feed=%2Fdjrose%2Fb2b-mix-no2-warm-up%2F\" frameborder=\"0\" ><\/iframe>\t\t\t\t<\/div>\n\t\t\t\t<\/div>\n\t\t\t\t<div class=\"elementor-element elementor-element-9ea8334 elementor-widget elementor-widget-html\" data-id=\"9ea8334\" data-element_type=\"widget\" data-e-type=\"widget\" data-widget_type=\"html.default\">\n\t\t\t\t<div class=\"elementor-widget-container\">\n\t\t\t\t\t<iframe width=\"100%\" height=\"60\" src=\"https:\/\/player-widget.mixcloud.com\/widget\/iframe\/?hide_cover=1&mini=1&light=1&feed=%2Fdjrose%2Fb2b-mix-no-3-pop-latin-warm-up%2F\" frameborder=\"0\" ><\/iframe>\t\t\t\t<\/div>\n\t\t\t\t<\/div>\n\t\t\t\t<div class=\"elementor-element elementor-element-9bd2d1d elementor-widget elementor-widget-html\" data-id=\"9bd2d1d\" data-element_type=\"widget\" data-e-type=\"widget\" data-widget_type=\"html.default\">\n\t\t\t\t<div class=\"elementor-widget-container\">\n\t\t\t\t\t<iframe width=\"100%\" height=\"60\" src=\"https:\/\/player-widget.mixcloud.com\/widget\/iframe\/?hide_cover=1&mini=1&light=1&feed=%2Fdjrose%2Fb2b-mix-no-4-party-1%2F\" frameborder=\"0\" ><\/iframe>\t\t\t\t<\/div>\n\t\t\t\t<\/div>\n\t\t\t\t<div class=\"elementor-element elementor-element-921c76e elementor-widget elementor-widget-html\" data-id=\"921c76e\" data-element_type=\"widget\" data-e-type=\"widget\" data-widget_type=\"html.default\">\n\t\t\t\t<div class=\"elementor-widget-container\">\n\t\t\t\t\t<iframe width=\"100%\" height=\"60\" src=\"https:\/\/player-widget.mixcloud.com\/widget\/iframe\/?hide_cover=1&mini=1&light=1&feed=%2Fdjrose%2Fb2b-mix-no-5-party-2%2F\" frameborder=\"0\" ><\/iframe>\t\t\t\t<\/div>\n\t\t\t\t<\/div>\n\t\t\t\t<\/div>\n\t\t\t\t\t<\/div>\n\t\t\t\t<\/div>\n\t\t\t\t<\/div>","protected":false},"excerpt":{"rendered":"<p>DJ sets for every event \u2013 flexible, captivating, unforgettable. From 90 minutes to 12 hours. Always the right sounds. Event DJ D\u00fcsseldorf and Cologne DJ sets: The right length and the right sounds for every event. Captivating DJ sets that enthral. How long is a typical DJ set? My DJ sets can vary in length. From a 90-minute firework display, packed with hits\u2026&nbsp;<\/p>","protected":false},"author":3,"featured_media":164,"parent":41,"menu_order":0,"comment_status":"closed","ping_status":"closed","template":"","meta":{"neve_meta_sidebar":"","neve_meta_container":"","neve_meta_enable_content_width":"","neve_meta_content_width":0,"neve_meta_title_alignment":"","neve_meta_author_avatar":"","neve_post_elements_order":"","neve_meta_disable_header":"","neve_meta_disable_footer":"","neve_meta_disable_title":"","neve_meta_reading_time":"","footnotes":""},"class_list":["post-43","page","type-page","status-publish","has-post-thumbnail","hentry"],"yoast_head":"<!-- This site is optimized with the Yoast SEO plugin v27.5 - https:\/\/yoast.com\/product\/yoast-seo-wordpress\/ -->\n<title>DJ-Sets: F\u00fcr jedes Event individuelle, perfekte Sounds<\/title>\n<meta name=\"description\" content=\"Abh\u00e4ngig von Anlass und Veranstaltungsart begleite ich als DJ dein Event mit gro\u00dfem Know-how und absolut passenden DJ-Sets und Songs, die deine G\u00e4ste begeistern\" \/>\n<meta name=\"robots\" content=\"index, follow, max-snippet:-1, max-image-preview:large, max-video-preview:-1\" \/>\n<link rel=\"canonical\" href=\"https:\/\/www.markusrosenbaum.com\/en\/services\/dj-sets\/\" \/>\n<meta property=\"og:locale\" content=\"en_GB\" \/>\n<meta property=\"og:type\" content=\"article\" \/>\n<meta property=\"og:title\" content=\"DJ-Sets: F\u00fcr jedes Event individuelle, perfekte Sounds\" \/>\n<meta property=\"og:description\" content=\"Abh\u00e4ngig von Anlass und Veranstaltungsart begleite ich als DJ dein Event mit gro\u00dfem Know-how und absolut passenden DJ-Sets und Songs, die deine G\u00e4ste begeistern\" \/>\n<meta property=\"og:url\" content=\"https:\/\/www.markusrosenbaum.com\/en\/services\/dj-sets\/\" \/>\n<meta property=\"og:site_name\" content=\"Event-DJ Markus Rosenbaum\" \/>\n<meta property=\"article:modified_time\" content=\"2026-04-10T10:06:32+00:00\" \/>\n<meta property=\"og:image\" content=\"https:\/\/www.markusrosenbaum.com\/wp-content\/uploads\/2020\/02\/event-dj-sets-markus-rosenbaum-scaled.jpg\" \/>\n\t<meta property=\"og:image:width\" content=\"2560\" \/>\n\t<meta property=\"og:image:height\" content=\"1707\" \/>\n\t<meta property=\"og:image:type\" content=\"image\/jpeg\" \/>\n<meta name=\"twitter:card\" content=\"summary_large_image\" \/>\n<meta name=\"twitter:label1\" content=\"Estimated reading time\" \/>\n\t<meta name=\"twitter:data1\" content=\"2 minutes\" \/>\n<script type=\"application\/ld+json\" class=\"yoast-schema-graph\">{\"@context\":\"https:\\\/\\\/schema.org\",\"@graph\":[{\"@type\":\"WebPage\",\"@id\":\"https:\\\/\\\/www.markusrosenbaum.com\\\/leistungen\\\/dj-sets\\\/\",\"url\":\"https:\\\/\\\/www.markusrosenbaum.com\\\/leistungen\\\/dj-sets\\\/\",\"name\":\"DJ-Sets: F\u00fcr jedes Event individuelle, perfekte Sounds\",\"isPartOf\":{\"@id\":\"https:\\\/\\\/www.markusrosenbaum.com\\\/#website\"},\"primaryImageOfPage\":{\"@id\":\"https:\\\/\\\/www.markusrosenbaum.com\\\/leistungen\\\/dj-sets\\\/#primaryimage\"},\"image\":{\"@id\":\"https:\\\/\\\/www.markusrosenbaum.com\\\/leistungen\\\/dj-sets\\\/#primaryimage\"},\"thumbnailUrl\":\"https:\\\/\\\/www.markusrosenbaum.com\\\/wp-content\\\/uploads\\\/2020\\\/02\\\/event-dj-sets-markus-rosenbaum-scaled.jpg\",\"datePublished\":\"2026-03-28T15:23:49+00:00\",\"dateModified\":\"2026-04-10T10:06:32+00:00\",\"description\":\"Abh\u00e4ngig von Anlass und Veranstaltungsart begleite ich als DJ dein Event mit gro\u00dfem Know-how und absolut passenden DJ-Sets und Songs, die deine G\u00e4ste begeistern\",\"breadcrumb\":{\"@id\":\"https:\\\/\\\/www.markusrosenbaum.com\\\/leistungen\\\/dj-sets\\\/#breadcrumb\"},\"inLanguage\":\"en-GB\",\"potentialAction\":[{\"@type\":\"ReadAction\",\"target\":[\"https:\\\/\\\/www.markusrosenbaum.com\\\/leistungen\\\/dj-sets\\\/\"]}]},{\"@type\":\"ImageObject\",\"inLanguage\":\"en-GB\",\"@id\":\"https:\\\/\\\/www.markusrosenbaum.com\\\/leistungen\\\/dj-sets\\\/#primaryimage\",\"url\":\"https:\\\/\\\/www.markusrosenbaum.com\\\/wp-content\\\/uploads\\\/2020\\\/02\\\/event-dj-sets-markus-rosenbaum-scaled.jpg\",\"contentUrl\":\"https:\\\/\\\/www.markusrosenbaum.com\\\/wp-content\\\/uploads\\\/2020\\\/02\\\/event-dj-sets-markus-rosenbaum-scaled.jpg\",\"width\":2560,\"height\":1707,\"caption\":\"Event DJ Markus Rosenbaum steht bei einer Firmenfeier hinter seinem DJ-Pult\"},{\"@type\":\"BreadcrumbList\",\"@id\":\"https:\\\/\\\/www.markusrosenbaum.com\\\/leistungen\\\/dj-sets\\\/#breadcrumb\",\"itemListElement\":[{\"@type\":\"ListItem\",\"position\":1,\"name\":\"Startseite\",\"item\":\"https:\\\/\\\/www.markusrosenbaum.com\\\/\"},{\"@type\":\"ListItem\",\"position\":2,\"name\":\"Leistungen\",\"item\":\"https:\\\/\\\/www.markusrosenbaum.com\\\/leistungen\\\/\"},{\"@type\":\"ListItem\",\"position\":3,\"name\":\"DJ-Sets\"}]},{\"@type\":\"WebSite\",\"@id\":\"https:\\\/\\\/www.markusrosenbaum.com\\\/#website\",\"url\":\"https:\\\/\\\/www.markusrosenbaum.com\\\/\",\"name\":\"Event-DJ Markus Rosenbaum\",\"description\":\"DJ f\u00fcr Events und Firmen\",\"publisher\":{\"@id\":\"https:\\\/\\\/www.markusrosenbaum.com\\\/#organization\"},\"potentialAction\":[{\"@type\":\"SearchAction\",\"target\":{\"@type\":\"EntryPoint\",\"urlTemplate\":\"https:\\\/\\\/www.markusrosenbaum.com\\\/?s={search_term_string}\"},\"query-input\":{\"@type\":\"PropertyValueSpecification\",\"valueRequired\":true,\"valueName\":\"search_term_string\"}}],\"inLanguage\":\"en-GB\"},{\"@type\":\"Organization\",\"@id\":\"https:\\\/\\\/www.markusrosenbaum.com\\\/#organization\",\"name\":\"Event-DJ Markus Rosenbaum\",\"url\":\"https:\\\/\\\/www.markusrosenbaum.com\\\/\",\"logo\":{\"@type\":\"ImageObject\",\"inLanguage\":\"en-GB\",\"@id\":\"https:\\\/\\\/www.markusrosenbaum.com\\\/#\\\/schema\\\/logo\\\/image\\\/\",\"url\":\"\",\"contentUrl\":\"\",\"caption\":\"Event-DJ Markus Rosenbaum\"},\"image\":{\"@id\":\"https:\\\/\\\/www.markusrosenbaum.com\\\/#\\\/schema\\\/logo\\\/image\\\/\"}}]}<\/script>\n<!-- \/ Yoast SEO plugin. -->","yoast_head_json":{"title":"DJ sets: Customised, perfect sounds for every event","description":"Depending on the occasion and type of event, as a DJ I will accompany your event with great expertise and absolutely suitable DJ sets and songs that will delight your guests","robots":{"index":"index","follow":"follow","max-snippet":"max-snippet:-1","max-image-preview":"max-image-preview:large","max-video-preview":"max-video-preview:-1"},"canonical":"https:\/\/www.markusrosenbaum.com\/en\/services\/dj-sets\/","og_locale":"en_GB","og_type":"article","og_title":"DJ-Sets: F\u00fcr jedes Event individuelle, perfekte Sounds","og_description":"Abh\u00e4ngig von Anlass und Veranstaltungsart begleite ich als DJ dein Event mit gro\u00dfem Know-how und absolut passenden DJ-Sets und Songs, die deine G\u00e4ste begeistern","og_url":"https:\/\/www.markusrosenbaum.com\/en\/services\/dj-sets\/","og_site_name":"Event-DJ Markus Rosenbaum","article_modified_time":"2026-04-10T10:06:32+00:00","og_image":[{"width":2560,"height":1707,"url":"https:\/\/www.markusrosenbaum.com\/wp-content\/uploads\/2020\/02\/event-dj-sets-markus-rosenbaum-scaled.jpg","type":"image\/jpeg"}],"twitter_card":"summary_large_image","twitter_misc":{"Estimated reading time":"2 minutes"},"schema":{"@context":"https:\/\/schema.org","@graph":[{"@type":"WebPage","@id":"https:\/\/www.markusrosenbaum.com\/leistungen\/dj-sets\/","url":"https:\/\/www.markusrosenbaum.com\/leistungen\/dj-sets\/","name":"DJ sets: Customised, perfect sounds for every event","isPartOf":{"@id":"https:\/\/www.markusrosenbaum.com\/#website"},"primaryImageOfPage":{"@id":"https:\/\/www.markusrosenbaum.com\/leistungen\/dj-sets\/#primaryimage"},"image":{"@id":"https:\/\/www.markusrosenbaum.com\/leistungen\/dj-sets\/#primaryimage"},"thumbnailUrl":"https:\/\/www.markusrosenbaum.com\/wp-content\/uploads\/2020\/02\/event-dj-sets-markus-rosenbaum-scaled.jpg","datePublished":"2026-03-28T15:23:49+00:00","dateModified":"2026-04-10T10:06:32+00:00","description":"Depending on the occasion and type of event, as a DJ I will accompany your event with great expertise and absolutely suitable DJ sets and songs that will delight your guests","breadcrumb":{"@id":"https:\/\/www.markusrosenbaum.com\/leistungen\/dj-sets\/#breadcrumb"},"inLanguage":"en-GB","potentialAction":[{"@type":"ReadAction","target":["https:\/\/www.markusrosenbaum.com\/leistungen\/dj-sets\/"]}]},{"@type":"ImageObject","inLanguage":"en-GB","@id":"https:\/\/www.markusrosenbaum.com\/leistungen\/dj-sets\/#primaryimage","url":"https:\/\/www.markusrosenbaum.com\/wp-content\/uploads\/2020\/02\/event-dj-sets-markus-rosenbaum-scaled.jpg","contentUrl":"https:\/\/www.markusrosenbaum.com\/wp-content\/uploads\/2020\/02\/event-dj-sets-markus-rosenbaum-scaled.jpg","width":2560,"height":1707,"caption":"Event DJ Markus Rosenbaum steht bei einer Firmenfeier hinter seinem DJ-Pult"},{"@type":"BreadcrumbList","@id":"https:\/\/www.markusrosenbaum.com\/leistungen\/dj-sets\/#breadcrumb","itemListElement":[{"@type":"ListItem","position":1,"name":"Startseite","item":"https:\/\/www.markusrosenbaum.com\/"},{"@type":"ListItem","position":2,"name":"Leistungen","item":"https:\/\/www.markusrosenbaum.com\/leistungen\/"},{"@type":"ListItem","position":3,"name":"DJ-Sets"}]},{"@type":"WebSite","@id":"https:\/\/www.markusrosenbaum.com\/#website","url":"https:\/\/www.markusrosenbaum.com\/","name":"Event DJ Markus Rosenbaum","description":"DJ for events and companies","publisher":{"@id":"https:\/\/www.markusrosenbaum.com\/#organization"},"potentialAction":[{"@type":"SearchAction","target":{"@type":"EntryPoint","urlTemplate":"https:\/\/www.markusrosenbaum.com\/?s={search_term_string}"},"query-input":{"@type":"PropertyValueSpecification","valueRequired":true,"valueName":"search_term_string"}}],"inLanguage":"en-GB"},{"@type":"Organization","@id":"https:\/\/www.markusrosenbaum.com\/#organization","name":"Event DJ Markus Rosenbaum","url":"https:\/\/www.markusrosenbaum.com\/","logo":{"@type":"ImageObject","inLanguage":"en-GB","@id":"https:\/\/www.markusrosenbaum.com\/#\/schema\/logo\/image\/","url":"","contentUrl":"","caption":"Event-DJ Markus Rosenbaum"},"image":{"@id":"https:\/\/www.markusrosenbaum.com\/#\/schema\/logo\/image\/"}}]}},"_links":{"self":[{"href":"https:\/\/www.markusrosenbaum.com\/en\/wp-json\/wp\/v2\/pages\/43","targetHints":{"allow":["GET"]}}],"collection":[{"href":"https:\/\/www.markusrosenbaum.com\/en\/wp-json\/wp\/v2\/pages"}],"about":[{"href":"https:\/\/www.markusrosenbaum.com\/en\/wp-json\/wp\/v2\/types\/page"}],"author":[{"embeddable":true,"href":"https:\/\/www.markusrosenbaum.com\/en\/wp-json\/wp\/v2\/users\/3"}],"replies":[{"embeddable":true,"href":"https:\/\/www.markusrosenbaum.com\/en\/wp-json\/wp\/v2\/comments?post=43"}],"version-history":[{"count":49,"href":"https:\/\/www.markusrosenbaum.com\/en\/wp-json\/wp\/v2\/pages\/43\/revisions"}],"predecessor-version":[{"id":8149,"href":"https:\/\/www.markusrosenbaum.com\/en\/wp-json\/wp\/v2\/pages\/43\/revisions\/8149"}],"up":[{"embeddable":true,"href":"https:\/\/www.markusrosenbaum.com\/en\/wp-json\/wp\/v2\/pages\/41"}],"wp:featuredmedia":[{"embeddable":true,"href":"https:\/\/www.markusrosenbaum.com\/en\/wp-json\/wp\/v2\/media\/164"}],"wp:attachment":[{"href":"https:\/\/www.markusrosenbaum.com\/en\/wp-json\/wp\/v2\/media?parent=43"}],"curies":[{"name":"wp","href":"https:\/\/api.w.org\/{rel}","templated":true}]}}