{"id":59,"date":"2026-03-22T16:25:23","date_gmt":"2026-03-22T15:25:23","guid":{"rendered":"https:\/\/www.markusrosenbaum.com\/?page_id=59"},"modified":"2026-04-04T20:59:54","modified_gmt":"2026-04-04T19:59:54","slug":"legal-notice","status":"publish","type":"page","link":"https:\/\/www.markusrosenbaum.com\/en\/impressum\/","title":{"rendered":"Legal Notice"},"content":{"rendered":"<div data-elementor-type=\"wp-page\" data-elementor-id=\"59\" class=\"elementor elementor-59\">\n\t\t\t\t\t\t<section class=\"elementor-section elementor-top-section elementor-element elementor-element-eb281ab elementor-section-boxed elementor-section-height-default elementor-section-height-default\" data-id=\"eb281ab\" data-element_type=\"section\" data-e-type=\"section\" data-settings=\"{&quot;background_background&quot;:&quot;classic&quot;}\">\n\t\t\t\t\t\t<div class=\"elementor-container elementor-column-gap-default\">\n\t\t\t\t\t<div class=\"elementor-column elementor-col-100 elementor-top-column elementor-element elementor-element-93c432b\" data-id=\"93c432b\" data-element_type=\"column\" data-e-type=\"column\">\n\t\t\t<div class=\"elementor-widget-wrap elementor-element-populated\">\n\t\t\t\t\t\t<div class=\"elementor-element elementor-element-31ecc093 elementor-view-default elementor-widget elementor-widget-icon\" data-id=\"31ecc093\" data-element_type=\"widget\" data-e-type=\"widget\" data-widget_type=\"icon.default\">\n\t\t\t\t<div class=\"elementor-widget-container\">\n\t\t\t\t\t\t\t<div class=\"elementor-icon-wrapper\">\n\t\t\t<div class=\"elementor-icon\">\n\t\t\t\t\t\t<\/div>\n\t\t<\/div>\n\t\t\t\t\t\t<\/div>\n\t\t\t\t<\/div>\n\t\t\t\t<div class=\"elementor-element elementor-element-419dc602 elementor-widget elementor-widget-heading\" data-id=\"419dc602\" data-element_type=\"widget\" data-e-type=\"widget\" data-widget_type=\"heading.default\">\n\t\t\t\t<div class=\"elementor-widget-container\">\n\t\t\t\t\t<h1 class=\"elementor-heading-title elementor-size-default\">Event DJ Markus Rosenbaum<\/h1>\t\t\t\t<\/div>\n\t\t\t\t<\/div>\n\t\t\t\t<div class=\"elementor-element elementor-element-e623dcd elementor-widget elementor-widget-heading\" data-id=\"e623dcd\" data-element_type=\"widget\" data-e-type=\"widget\" data-widget_type=\"heading.default\">\n\t\t\t\t<div class=\"elementor-widget-container\">\n\t\t\t\t\t<h2 class=\"elementor-heading-title elementor-size-default\">Legal Notice<\/h2>\t\t\t\t<\/div>\n\t\t\t\t<\/div>\n\t\t\t\t\t<\/div>\n\t\t<\/div>\n\t\t\t\t\t<\/div>\n\t\t<\/section>\n\t\t\t\t<section class=\"elementor-section elementor-top-section elementor-element elementor-element-b7ba6e4 elementor-section-boxed elementor-section-height-default elementor-section-height-default\" data-id=\"b7ba6e4\" data-element_type=\"section\" data-e-type=\"section\">\n\t\t\t\t\t\t<div class=\"elementor-container elementor-column-gap-default\">\n\t\t\t\t\t<div class=\"elementor-column elementor-col-100 elementor-top-column elementor-element elementor-element-6cefd02\" data-id=\"6cefd02\" data-element_type=\"column\" data-e-type=\"column\">\n\t\t\t<div class=\"elementor-widget-wrap elementor-element-populated\">\n\t\t\t\t\t\t<div class=\"elementor-element elementor-element-9737329 elementor-widget elementor-widget-text-editor\" data-id=\"9737329\" data-element_type=\"widget\" data-e-type=\"widget\" data-widget_type=\"text-editor.default\">\n\t\t\t\t<div class=\"elementor-widget-container\">\n\t\t\t\t\t\t\t\t\t<div><div><p><strong>Liability for content<\/strong><\/p><p>As a service provider, we are responsible for our content on these pages by \u00a7 7 (1) TMG (German Telemedia Act) and general laws. According to \u00a7\u00a7 8 to 10 TMG, however, we as a service provider are not obliged to monitor transmitted or stored third-party information or to investigate circumstances that indicate illegal activity. Obligations to remove or block the use of information by general legislation remain unaffected. However, liability in this respect is only possible from the time of knowledge of a specific infringement. We will remove this content immediately when we become aware of such violations.<\/p><p><strong>Liability for links<\/strong><\/p><p>As a service provider, we are responsible for our content on these pages by Section 7 (1) TMG (German Telemedia Act) and general legislation. According to \u00a7\u00a7 8 to 10 TMG, however, we as a service provider are not obliged to monitor transmitted or stored third-party information or to investigate circumstances that indicate illegal activity. Obligations to remove or block the use of information by general legislation remain unaffected. However, liability in this respect is only possible from the time of knowledge of a specific infringement. We will remove this content immediately when we become aware of such violations.<\/p><p><strong>Copyright<\/strong><\/p><p class=\"translation-block\">The content and works created by the site operators on these pages are subject to German copyright law. The duplication, editing, distribution and any utilisation outside the limits of copyright law require the author's or creator's written consent. Downloads and copies of this site are only permitted for private, non-commercial use. Insofar as the content on this site was not created by the operator, the copyrights of third parties are respected. In particular, third-party content is labelled as such. Please inform us accordingly if you become aware of a copyright infringement. We will remove such content immediately if we become aware of legal violations.<\/p><\/div><\/div>\t\t\t\t\t\t\t\t<\/div>\n\t\t\t\t<\/div>\n\t\t\t\t<div class=\"elementor-element elementor-element-a820ddd elementor-widget-divider--view-line elementor-widget elementor-widget-divider\" data-id=\"a820ddd\" data-element_type=\"widget\" data-e-type=\"widget\" data-widget_type=\"divider.default\">\n\t\t\t\t<div class=\"elementor-widget-container\">\n\t\t\t\t\t\t\t<div class=\"elementor-divider\">\n\t\t\t<span class=\"elementor-divider-separator\">\n\t\t\t\t\t\t<\/span>\n\t\t<\/div>\n\t\t\t\t\t\t<\/div>\n\t\t\t\t<\/div>\n\t\t\t\t<div class=\"elementor-element elementor-element-2fab924 elementor-widget elementor-widget-text-editor\" data-id=\"2fab924\" data-element_type=\"widget\" data-e-type=\"widget\" data-widget_type=\"text-editor.default\">\n\t\t\t\t<div class=\"elementor-widget-container\">\n\t\t\t\t\t\t\t\t\t<div id=\"mk-ornamental-title-7\" class=\"mk-ornamental-title rovi-single title_as_text\"><h4 class=\"title\"><span class=\"title-text\">Contact<\/span><\/h4><\/div><p>Information according to \u00a7 5 TMG:<\/p><p>Markus Rosenbaum<br \/>Peckhausweg 11<br \/>40625 D\u00fcsseldorf<\/p><p>Telephone: +49 (0)151 23007738<\/p><p>E-mail: <a style=\"color: inherit;\" href=\"mailto:hello@djmarkusrosenbaum.de\">hello@djmarkusrosenbaum.de<\/a><\/p><p>VAT ID: DE211968978<\/p><p>Source: <i><a style=\"color: inherit;\" href=\"https:\/\/www.e-recht24.de\" rel=\"nofollow\">https:\/\/www.e-recht24.de<\/a><\/i><\/p>\t\t\t\t\t\t\t\t<\/div>\n\t\t\t\t<\/div>\n\t\t\t\t\t<\/div>\n\t\t<\/div>\n\t\t\t\t\t<\/div>\n\t\t<\/section>\n\t\t\t\t<\/div>","protected":false},"excerpt":{"rendered":"<p>Event-DJ Markus Rosenbaum Impressum Haftung f\u00fcr Inhalte Als Diensteanbieter sind wir gem\u00e4\u00df \u00a7 7 Abs.1\u00a0DDG f\u00fcr eigene Inhalte auf diesen Seiten nach den allgemeinen Gesetzen verantwortlich. Nach \u00a7\u00a7 8 bis 10 DDG sind wir als Diensteanbieter jedoch nicht verpflichtet, \u00fcbermittelte oder gespeicherte fremde Informationen zu \u00fcberwachen oder nach Umst\u00e4nden zu forschen, die auf eine rechtswidrige&hellip;&nbsp;<\/p>","protected":false},"author":3,"featured_media":0,"parent":0,"menu_order":0,"comment_status":"closed","ping_status":"closed","template":"","meta":{"neve_meta_sidebar":"","neve_meta_container":"","neve_meta_enable_content_width":"","neve_meta_content_width":0,"neve_meta_title_alignment":"","neve_meta_author_avatar":"","neve_post_elements_order":"","neve_meta_disable_header":"","neve_meta_disable_footer":"","neve_meta_disable_title":"","neve_meta_reading_time":"","footnotes":""},"class_list":["post-59","page","type-page","status-publish","hentry"],"yoast_head":"<!-- This site is optimized with the Yoast SEO plugin v27.3 - https:\/\/yoast.com\/product\/yoast-seo-wordpress\/ -->\n<title>Impressum - Event-DJ Markus Rosenbaum<\/title>\n<meta name=\"robots\" content=\"noindex, follow\" \/>\n<meta property=\"og:locale\" content=\"en_GB\" \/>\n<meta property=\"og:type\" content=\"article\" \/>\n<meta property=\"og:title\" content=\"Impressum - Event-DJ Markus Rosenbaum\" \/>\n<meta property=\"og:description\" content=\"Event-DJ Markus Rosenbaum Impressum Haftung f\u00fcr Inhalte Als Diensteanbieter sind wir gem\u00e4\u00df \u00a7 7 Abs.1\u00a0DDG f\u00fcr eigene Inhalte auf diesen Seiten nach den allgemeinen Gesetzen verantwortlich. Nach \u00a7\u00a7 8 bis 10 DDG sind wir als Diensteanbieter jedoch nicht verpflichtet, \u00fcbermittelte oder gespeicherte fremde Informationen zu \u00fcberwachen oder nach Umst\u00e4nden zu forschen, die auf eine rechtswidrige&hellip;&nbsp;\" \/>\n<meta property=\"og:url\" content=\"https:\/\/www.markusrosenbaum.com\/en\/legal-notice\/\" \/>\n<meta property=\"og:site_name\" content=\"Event-DJ Markus Rosenbaum\" \/>\n<meta property=\"article:modified_time\" content=\"2026-04-04T19:59:54+00:00\" \/>\n<meta name=\"twitter:card\" content=\"summary_large_image\" \/>\n<meta name=\"twitter:label1\" content=\"Estimated reading time\" \/>\n\t<meta name=\"twitter:data1\" content=\"2 minutes\" \/>\n<script type=\"application\/ld+json\" class=\"yoast-schema-graph\">{\"@context\":\"https:\\\/\\\/schema.org\",\"@graph\":[{\"@type\":\"WebPage\",\"@id\":\"https:\\\/\\\/www.markusrosenbaum.com\\\/impressum\\\/\",\"url\":\"https:\\\/\\\/www.markusrosenbaum.com\\\/impressum\\\/\",\"name\":\"Impressum - Event-DJ Markus Rosenbaum\",\"isPartOf\":{\"@id\":\"https:\\\/\\\/www.markusrosenbaum.com\\\/#website\"},\"datePublished\":\"2026-03-22T15:25:23+00:00\",\"dateModified\":\"2026-04-04T19:59:54+00:00\",\"breadcrumb\":{\"@id\":\"https:\\\/\\\/www.markusrosenbaum.com\\\/impressum\\\/#breadcrumb\"},\"inLanguage\":\"en-GB\",\"potentialAction\":[{\"@type\":\"ReadAction\",\"target\":[\"https:\\\/\\\/www.markusrosenbaum.com\\\/impressum\\\/\"]}]},{\"@type\":\"BreadcrumbList\",\"@id\":\"https:\\\/\\\/www.markusrosenbaum.com\\\/impressum\\\/#breadcrumb\",\"itemListElement\":[{\"@type\":\"ListItem\",\"position\":1,\"name\":\"Startseite\",\"item\":\"https:\\\/\\\/www.markusrosenbaum.com\\\/\"},{\"@type\":\"ListItem\",\"position\":2,\"name\":\"Impressum\"}]},{\"@type\":\"WebSite\",\"@id\":\"https:\\\/\\\/www.markusrosenbaum.com\\\/#website\",\"url\":\"https:\\\/\\\/www.markusrosenbaum.com\\\/\",\"name\":\"Event-DJ Markus Rosenbaum\",\"description\":\"DJ f\u00fcr Events und Firmen\",\"publisher\":{\"@id\":\"https:\\\/\\\/www.markusrosenbaum.com\\\/#organization\"},\"potentialAction\":[{\"@type\":\"SearchAction\",\"target\":{\"@type\":\"EntryPoint\",\"urlTemplate\":\"https:\\\/\\\/www.markusrosenbaum.com\\\/?s={search_term_string}\"},\"query-input\":{\"@type\":\"PropertyValueSpecification\",\"valueRequired\":true,\"valueName\":\"search_term_string\"}}],\"inLanguage\":\"en-GB\"},{\"@type\":\"Organization\",\"@id\":\"https:\\\/\\\/www.markusrosenbaum.com\\\/#organization\",\"name\":\"Event-DJ Markus Rosenbaum\",\"url\":\"https:\\\/\\\/www.markusrosenbaum.com\\\/\",\"logo\":{\"@type\":\"ImageObject\",\"inLanguage\":\"en-GB\",\"@id\":\"https:\\\/\\\/www.markusrosenbaum.com\\\/#\\\/schema\\\/logo\\\/image\\\/\",\"url\":\"\",\"contentUrl\":\"\",\"caption\":\"Event-DJ Markus Rosenbaum\"},\"image\":{\"@id\":\"https:\\\/\\\/www.markusrosenbaum.com\\\/#\\\/schema\\\/logo\\\/image\\\/\"}}]}<\/script>\n<!-- \/ Yoast SEO plugin. -->","yoast_head_json":{"title":"Imprint - Event DJ Markus Rosenbaum","robots":{"index":"noindex","follow":"follow"},"og_locale":"en_GB","og_type":"article","og_title":"Impressum - Event-DJ Markus Rosenbaum","og_description":"Event-DJ Markus Rosenbaum Impressum Haftung f\u00fcr Inhalte Als Diensteanbieter sind wir gem\u00e4\u00df \u00a7 7 Abs.1\u00a0DDG f\u00fcr eigene Inhalte auf diesen Seiten nach den allgemeinen Gesetzen verantwortlich. Nach \u00a7\u00a7 8 bis 10 DDG sind wir als Diensteanbieter jedoch nicht verpflichtet, \u00fcbermittelte oder gespeicherte fremde Informationen zu \u00fcberwachen oder nach Umst\u00e4nden zu forschen, die auf eine rechtswidrige&hellip;&nbsp;","og_url":"https:\/\/www.markusrosenbaum.com\/en\/legal-notice\/","og_site_name":"Event-DJ Markus Rosenbaum","article_modified_time":"2026-04-04T19:59:54+00:00","twitter_card":"summary_large_image","twitter_misc":{"Estimated reading time":"2 minutes"},"schema":{"@context":"https:\/\/schema.org","@graph":[{"@type":"WebPage","@id":"https:\/\/www.markusrosenbaum.com\/impressum\/","url":"https:\/\/www.markusrosenbaum.com\/impressum\/","name":"Imprint - Event DJ Markus Rosenbaum","isPartOf":{"@id":"https:\/\/www.markusrosenbaum.com\/#website"},"datePublished":"2026-03-22T15:25:23+00:00","dateModified":"2026-04-04T19:59:54+00:00","breadcrumb":{"@id":"https:\/\/www.markusrosenbaum.com\/impressum\/#breadcrumb"},"inLanguage":"en-GB","potentialAction":[{"@type":"ReadAction","target":["https:\/\/www.markusrosenbaum.com\/impressum\/"]}]},{"@type":"BreadcrumbList","@id":"https:\/\/www.markusrosenbaum.com\/impressum\/#breadcrumb","itemListElement":[{"@type":"ListItem","position":1,"name":"Startseite","item":"https:\/\/www.markusrosenbaum.com\/"},{"@type":"ListItem","position":2,"name":"Impressum"}]},{"@type":"WebSite","@id":"https:\/\/www.markusrosenbaum.com\/#website","url":"https:\/\/www.markusrosenbaum.com\/","name":"Event DJ Markus Rosenbaum","description":"DJ for events and companies","publisher":{"@id":"https:\/\/www.markusrosenbaum.com\/#organization"},"potentialAction":[{"@type":"SearchAction","target":{"@type":"EntryPoint","urlTemplate":"https:\/\/www.markusrosenbaum.com\/?s={search_term_string}"},"query-input":{"@type":"PropertyValueSpecification","valueRequired":true,"valueName":"search_term_string"}}],"inLanguage":"en-GB"},{"@type":"Organization","@id":"https:\/\/www.markusrosenbaum.com\/#organization","name":"Event DJ Markus Rosenbaum","url":"https:\/\/www.markusrosenbaum.com\/","logo":{"@type":"ImageObject","inLanguage":"en-GB","@id":"https:\/\/www.markusrosenbaum.com\/#\/schema\/logo\/image\/","url":"","contentUrl":"","caption":"Event-DJ Markus Rosenbaum"},"image":{"@id":"https:\/\/www.markusrosenbaum.com\/#\/schema\/logo\/image\/"}}]}},"_links":{"self":[{"href":"https:\/\/www.markusrosenbaum.com\/en\/wp-json\/wp\/v2\/pages\/59","targetHints":{"allow":["GET"]}}],"collection":[{"href":"https:\/\/www.markusrosenbaum.com\/en\/wp-json\/wp\/v2\/pages"}],"about":[{"href":"https:\/\/www.markusrosenbaum.com\/en\/wp-json\/wp\/v2\/types\/page"}],"author":[{"embeddable":true,"href":"https:\/\/www.markusrosenbaum.com\/en\/wp-json\/wp\/v2\/users\/3"}],"replies":[{"embeddable":true,"href":"https:\/\/www.markusrosenbaum.com\/en\/wp-json\/wp\/v2\/comments?post=59"}],"version-history":[{"count":27,"href":"https:\/\/www.markusrosenbaum.com\/en\/wp-json\/wp\/v2\/pages\/59\/revisions"}],"predecessor-version":[{"id":7982,"href":"https:\/\/www.markusrosenbaum.com\/en\/wp-json\/wp\/v2\/pages\/59\/revisions\/7982"}],"wp:attachment":[{"href":"https:\/\/www.markusrosenbaum.com\/en\/wp-json\/wp\/v2\/media?parent=59"}],"curies":[{"name":"wp","href":"https:\/\/api.w.org\/{rel}","templated":true}]}}